{"id":1467,"date":"2019-05-08T06:55:09","date_gmt":"2019-05-08T04:55:09","guid":{"rendered":"https:\/\/login.vsrb.ch\/impressum\/"},"modified":"2023-08-29T16:04:04","modified_gmt":"2023-08-29T14:04:04","slug":"impressum","status":"publish","type":"page","link":"https:\/\/login.vsrb.ch\/fr\/impressum\/","title":{"rendered":"Impressum"},"content":{"rendered":"<h1>Impressum<\/h1>\n<h3>\u00c9diteur<\/h3>\n<p><a href=\"https:\/\/www.regionalbanken.ch\/\" target=\"_blank\" rel=\"noopener noreferrer\">Verband Schweizer Regionalbanken<\/a><br \/>\nAssociation des banques r\u00e9gionales suisses<br \/>\nMattenstrasse 8<br \/>\n3073 G\u00fcmligen<\/p>\n<p><a href=\"tel:+41 31 660 45 00\">+41 31 660 45 00<\/a><br \/>\n<a href=\"mailto:info@vsrb.ch\">info@vsrb.ch<\/a><\/p>\n<h3>Concept, design, r\u00e9alisation<\/h3>\n<p><a href=\"https:\/\/www.agenturschmucki.ch\/\" target=\"_blank\" rel=\"noopener noreferrer\">Schmucki Agentur f\u00fcr Kommunikation AG<\/a><br \/>\nGerichtsstrasse 4<br \/>\n8610 Uster<\/p>\n","protected":false},"excerpt":{"rendered":"<p>Impressum \u00c9diteur Verband Schweizer Regionalbanken Association des banques r\u00e9gionales suisses Mattenstrasse 8 3073 G\u00fcmligen +41 31 660 45 00 info@vsrb.ch Concept, design, r\u00e9alisation Schmucki Agentur f\u00fcr Kommunikation AG Gerichtsstrasse 4 8610 Uster<\/p>\n","protected":false},"author":1,"featured_media":0,"parent":0,"menu_order":6,"comment_status":"closed","ping_status":"closed","template":"","meta":{"_acf_changed":false,"_bbp_topic_count":0,"_bbp_reply_count":0,"_bbp_total_topic_count":0,"_bbp_total_reply_count":0,"_bbp_voice_count":0,"_bbp_anonymous_reply_count":0,"_bbp_topic_count_hidden":0,"_bbp_reply_count_hidden":0,"_bbp_forum_subforum_count":0,"footnotes":""},"class_list":["post-1467","page","type-page","status-publish","hentry"],"acf":[],"_links":{"self":[{"href":"https:\/\/login.vsrb.ch\/fr\/wp-json\/wp\/v2\/pages\/1467","targetHints":{"allow":["GET"]}}],"collection":[{"href":"https:\/\/login.vsrb.ch\/fr\/wp-json\/wp\/v2\/pages"}],"about":[{"href":"https:\/\/login.vsrb.ch\/fr\/wp-json\/wp\/v2\/types\/page"}],"author":[{"embeddable":true,"href":"https:\/\/login.vsrb.ch\/fr\/wp-json\/wp\/v2\/users\/1"}],"replies":[{"embeddable":true,"href":"https:\/\/login.vsrb.ch\/fr\/wp-json\/wp\/v2\/comments?post=1467"}],"version-history":[{"count":5,"href":"https:\/\/login.vsrb.ch\/fr\/wp-json\/wp\/v2\/pages\/1467\/revisions"}],"predecessor-version":[{"id":7170,"href":"https:\/\/login.vsrb.ch\/fr\/wp-json\/wp\/v2\/pages\/1467\/revisions\/7170"}],"wp:attachment":[{"href":"https:\/\/login.vsrb.ch\/fr\/wp-json\/wp\/v2\/media?parent=1467"}],"curies":[{"name":"wp","href":"https:\/\/api.w.org\/{rel}","templated":true}]}}