{"id":1464,"date":"2019-05-08T06:55:09","date_gmt":"2019-05-08T04:55:09","guid":{"rendered":"https:\/\/login.vsrb.ch\/?page_id=1464"},"modified":"2023-08-29T16:04:51","modified_gmt":"2023-08-29T14:04:51","slug":"impressum","status":"publish","type":"page","link":"https:\/\/login.vsrb.ch\/de\/impressum\/","title":{"rendered":"Impressum"},"content":{"rendered":"<h1>Impressum<\/h1>\n<h3>Herausgeber<\/h3>\n<p><a href=\"https:\/\/www.regionalbanken.ch\/\" target=\"_blank\" rel=\"noopener noreferrer\">Verband Schweizer Regionalbanken<\/a><br \/>\nAssociation des banques r\u00e9gionales suisses<br \/>\nMattenstrasse 8<br \/>\n3073 G\u00fcmligen<\/p>\n<p><a href=\"tel:+41 31 660 45 00\">+41 31 660 45 00<\/a><br \/>\n<a href=\"mailto:info@vsrb.ch\">info@vsrb.ch<\/a><\/p>\n<h3>Konzept, Gestaltung, Realisation<\/h3>\n<p><a href=\"https:\/\/www.agenturschmucki.ch\/\" target=\"_blank\" rel=\"noopener noreferrer\">Schmucki Agentur f\u00fcr Kommunikation AG<\/a><br \/>\nGerichtsstrasse 4<br \/>\n8610 Uster<\/p>\n","protected":false},"excerpt":{"rendered":"<p>Impressum Herausgeber Verband Schweizer Regionalbanken Association des banques r\u00e9gionales suisses Mattenstrasse 8 3073 G\u00fcmligen +41 31 660 45 00 info@vsrb.ch Konzept, Gestaltung, Realisation Schmucki Agentur f\u00fcr Kommunikation AG Gerichtsstrasse 4 8610 Uster<\/p>\n","protected":false},"author":1,"featured_media":0,"parent":0,"menu_order":5,"comment_status":"closed","ping_status":"closed","template":"","meta":{"_acf_changed":false,"_bbp_topic_count":0,"_bbp_reply_count":0,"_bbp_total_topic_count":0,"_bbp_total_reply_count":0,"_bbp_voice_count":0,"_bbp_anonymous_reply_count":0,"_bbp_topic_count_hidden":0,"_bbp_reply_count_hidden":0,"_bbp_forum_subforum_count":0,"footnotes":""},"class_list":["post-1464","page","type-page","status-publish","hentry"],"acf":[],"_links":{"self":[{"href":"https:\/\/login.vsrb.ch\/de\/wp-json\/wp\/v2\/pages\/1464","targetHints":{"allow":["GET"]}}],"collection":[{"href":"https:\/\/login.vsrb.ch\/de\/wp-json\/wp\/v2\/pages"}],"about":[{"href":"https:\/\/login.vsrb.ch\/de\/wp-json\/wp\/v2\/types\/page"}],"author":[{"embeddable":true,"href":"https:\/\/login.vsrb.ch\/de\/wp-json\/wp\/v2\/users\/1"}],"replies":[{"embeddable":true,"href":"https:\/\/login.vsrb.ch\/de\/wp-json\/wp\/v2\/comments?post=1464"}],"version-history":[{"count":4,"href":"https:\/\/login.vsrb.ch\/de\/wp-json\/wp\/v2\/pages\/1464\/revisions"}],"predecessor-version":[{"id":7176,"href":"https:\/\/login.vsrb.ch\/de\/wp-json\/wp\/v2\/pages\/1464\/revisions\/7176"}],"wp:attachment":[{"href":"https:\/\/login.vsrb.ch\/de\/wp-json\/wp\/v2\/media?parent=1464"}],"curies":[{"name":"wp","href":"https:\/\/api.w.org\/{rel}","templated":true}]}}